{"id":1335,"date":"2022-02-08T16:30:14","date_gmt":"2022-02-08T15:30:14","guid":{"rendered":"http:\/\/www.ecolyte.at\/?page_id=1335"},"modified":"2025-06-06T15:24:26","modified_gmt":"2025-06-06T13:24:26","slug":"impressum","status":"publish","type":"page","link":"https:\/\/ecolyte.at\/?page_id=1335","title":{"rendered":"Impressum"},"content":{"rendered":"\n<p><strong>ECOLYTE GmbH<\/strong><br>Puchstra\u00dfe 17<br>8020, Graz<br>Austria<br>Mail: <a href=\"mailto:office@ecolyte.at\">office@ecolyte.at <\/a><br><br><strong>Unternehmensgegenstand:<\/strong> Entwicklung, Herstellung und Vertrieb technischer L\u00f6sungen und Ger\u00e4te im Energiebereich, insbesondere der Energiespeicherung, sowie die Lizensierung.<br><strong>Firmenbuchnummer:<\/strong>\u00a0572757s<br><strong>Firmenbuchgericht:<\/strong>\u00a0Landesgericht f\u00fcr ZRS Graz<br><strong>UID-Nummer:<\/strong> ATU78055836<\/p>\n\n\n\n<p><strong>Data privacy and disclaimer<\/strong><\/p>\n\n\n\n<p>Links to external websites: The contents of external websites to which we refer directly or indirectly are outside our area of responsibility and we do not adopt them as our own. We accept no responsibility for any content or disadvantages arising from the use of the information available on the linked websites.<\/p>\n\n\n\n<p>Copyrights and trademark rights: All contents presented on this website, such as texts, photographs, graphics, brands and trademarks are protected by the respective protective rights (copyrights, trademark rights). The use, reproduction, etc. are subject to our rights or the rights of the respective authors or rights holders.<\/p>\n\n\n\n<p><\/p>\n\n\n\n<p><br><\/p>\n","protected":false},"excerpt":{"rendered":"<p>ECOLYTE GmbHPuchstra\u00dfe 178020, GrazAustriaMail: office@ecolyte.at Unternehmensgegenstand: Entwicklung, Herstellung und Vertrieb technischer L\u00f6sungen und Ger\u00e4te im Energiebereich, insbesondere der Energiespeicherung, sowie die Lizensierung.Firmenbuchnummer:\u00a0572757sFirmenbuchgericht:\u00a0Landesgericht f\u00fcr ZRS GrazUID-Nummer: ATU78055836 Data privacy and disclaimer &#8230;<\/p>\n","protected":false},"author":1,"featured_media":0,"parent":0,"menu_order":0,"comment_status":"closed","ping_status":"closed","template":"","meta":{"footnotes":""},"class_list":["post-1335","page","type-page","status-publish","hentry"],"_links":{"self":[{"href":"https:\/\/ecolyte.at\/index.php?rest_route=\/wp\/v2\/pages\/1335","targetHints":{"allow":["GET"]}}],"collection":[{"href":"https:\/\/ecolyte.at\/index.php?rest_route=\/wp\/v2\/pages"}],"about":[{"href":"https:\/\/ecolyte.at\/index.php?rest_route=\/wp\/v2\/types\/page"}],"author":[{"embeddable":true,"href":"https:\/\/ecolyte.at\/index.php?rest_route=\/wp\/v2\/users\/1"}],"replies":[{"embeddable":true,"href":"https:\/\/ecolyte.at\/index.php?rest_route=%2Fwp%2Fv2%2Fcomments&post=1335"}],"version-history":[{"count":12,"href":"https:\/\/ecolyte.at\/index.php?rest_route=\/wp\/v2\/pages\/1335\/revisions"}],"predecessor-version":[{"id":1936,"href":"https:\/\/ecolyte.at\/index.php?rest_route=\/wp\/v2\/pages\/1335\/revisions\/1936"}],"wp:attachment":[{"href":"https:\/\/ecolyte.at\/index.php?rest_route=%2Fwp%2Fv2%2Fmedia&parent=1335"}],"curies":[{"name":"wp","href":"https:\/\/api.w.org\/{rel}","templated":true}]}}